{"id":1629,"date":"2023-10-18T19:44:10","date_gmt":"2023-10-18T17:44:10","guid":{"rendered":"https:\/\/moellnerschachverein.de\/?page_id=1629"},"modified":"2024-03-23T15:36:14","modified_gmt":"2024-03-23T14:36:14","slug":"wolfgangosem","status":"publish","type":"page","link":"https:\/\/moellnerschachverein.de\/?page_id=1629","title":{"rendered":"SchachAG"},"content":{"rendered":"\t\t<div data-elementor-type=\"wp-page\" data-elementor-id=\"1629\" class=\"elementor elementor-1629\">\n\t\t\t\t<div class=\"elementor-element elementor-element-8c69b8d e-flex e-con-boxed e-con e-parent\" data-id=\"8c69b8d\" data-element_type=\"container\" data-core-v316-plus=\"true\">\n\t\t\t\t\t<div class=\"e-con-inner\">\n\t\t\t\t<div class=\"elementor-element elementor-element-9bcb5c5 elementor-widget elementor-widget-spacer\" data-id=\"9bcb5c5\" data-element_type=\"widget\" data-widget_type=\"spacer.default\">\n\t\t\t\t<div class=\"elementor-widget-container\">\n\t\t\t<style>\/*! elementor - v3.20.0 - 20-03-2024 *\/\n.elementor-column .elementor-spacer-inner{height:var(--spacer-size)}.e-con{--container-widget-width:100%}.e-con-inner>.elementor-widget-spacer,.e-con>.elementor-widget-spacer{width:var(--container-widget-width,var(--spacer-size));--align-self:var(--container-widget-align-self,initial);--flex-shrink:0}.e-con-inner>.elementor-widget-spacer>.elementor-widget-container,.e-con>.elementor-widget-spacer>.elementor-widget-container{height:100%;width:100%}.e-con-inner>.elementor-widget-spacer>.elementor-widget-container>.elementor-spacer,.e-con>.elementor-widget-spacer>.elementor-widget-container>.elementor-spacer{height:100%}.e-con-inner>.elementor-widget-spacer>.elementor-widget-container>.elementor-spacer>.elementor-spacer-inner,.e-con>.elementor-widget-spacer>.elementor-widget-container>.elementor-spacer>.elementor-spacer-inner{height:var(--container-widget-height,var(--spacer-size))}.e-con-inner>.elementor-widget-spacer.elementor-widget-empty,.e-con>.elementor-widget-spacer.elementor-widget-empty{position:relative;min-height:22px;min-width:22px}.e-con-inner>.elementor-widget-spacer.elementor-widget-empty .elementor-widget-empty-icon,.e-con>.elementor-widget-spacer.elementor-widget-empty .elementor-widget-empty-icon{position:absolute;top:0;bottom:0;left:0;right:0;margin:auto;padding:0;width:22px;height:22px}<\/style>\t\t<div class=\"elementor-spacer\">\n\t\t\t<div class=\"elementor-spacer-inner\"><\/div>\n\t\t<\/div>\n\t\t\t\t<\/div>\n\t\t\t\t<\/div>\n\t\t\t\t<div class=\"elementor-element elementor-element-06fbf17 elementor-widget elementor-widget-heading\" data-id=\"06fbf17\" data-element_type=\"widget\" data-widget_type=\"heading.default\">\n\t\t\t\t<div class=\"elementor-widget-container\">\n\t\t\t<style>\/*! elementor - v3.20.0 - 20-03-2024 *\/\n.elementor-heading-title{padding:0;margin:0;line-height:1}.elementor-widget-heading .elementor-heading-title[class*=elementor-size-]>a{color:inherit;font-size:inherit;line-height:inherit}.elementor-widget-heading .elementor-heading-title.elementor-size-small{font-size:15px}.elementor-widget-heading .elementor-heading-title.elementor-size-medium{font-size:19px}.elementor-widget-heading .elementor-heading-title.elementor-size-large{font-size:29px}.elementor-widget-heading .elementor-heading-title.elementor-size-xl{font-size:39px}.elementor-widget-heading .elementor-heading-title.elementor-size-xxl{font-size:59px}<\/style><h2 class=\"elementor-heading-title elementor-size-default\">Schach AG an der Till-Eulenspiegel-Schule<\/h2>\t\t<\/div>\n\t\t\t\t<\/div>\n\t\t<div class=\"elementor-element elementor-element-c4618b5 e-flex e-con-boxed e-con e-child\" data-id=\"c4618b5\" data-element_type=\"container\">\n\t\t\t\t\t<div class=\"e-con-inner\">\n\t\t\t\t\t<\/div>\n\t\t\t\t<\/div>\n\t\t\t\t<div class=\"elementor-element elementor-element-f27fad4 elementor-widget elementor-widget-text-editor\" data-id=\"f27fad4\" data-element_type=\"widget\" data-widget_type=\"text-editor.default\">\n\t\t\t\t<div class=\"elementor-widget-container\">\n\t\t\t<style>\/*! elementor - v3.20.0 - 20-03-2024 *\/\n.elementor-widget-text-editor.elementor-drop-cap-view-stacked .elementor-drop-cap{background-color:#69727d;color:#fff}.elementor-widget-text-editor.elementor-drop-cap-view-framed .elementor-drop-cap{color:#69727d;border:3px solid;background-color:transparent}.elementor-widget-text-editor:not(.elementor-drop-cap-view-default) .elementor-drop-cap{margin-top:8px}.elementor-widget-text-editor:not(.elementor-drop-cap-view-default) .elementor-drop-cap-letter{width:1em;height:1em}.elementor-widget-text-editor .elementor-drop-cap{float:left;text-align:center;line-height:1;font-size:50px}.elementor-widget-text-editor .elementor-drop-cap-letter{display:inline-block}<\/style>\t\t\t\t<p style=\"text-align: left;\">\n<\/p><p style=\"text-align: left;\">Der M\u00f6llner Schachverein von 1948 freut sich, eine neue Partnerschaft bekannt zu geben: Seit dem 1. Februar 2024 arbeiten wir mit der Till-Eulenspiegel-Schule zusammen, um eine Schach AG anzubieten. Diese Zusammenarbeit markiert einen wichtigen Meilenstein in unseren Bem\u00fchungen, das Schachspiel in unserer Gemeinde zu f\u00f6rdern und die n\u00e4chste Generation von Schachspielern zu inspirieren.<\/p>\n<p style=\"text-align: left;\">\n<\/p><p style=\"text-align: left;\">Dank der gro\u00dfz\u00fcgigen Unterst\u00fctzung des <a href=\"https:\/\/schachverband-sh.de\/index.php\/de\/\">SVSH<\/a>&nbsp;konnten wir hochwertiges Spielmaterial beschaffen, um den Sch\u00fclern ein optimales Lernumfeld zu bieten. Jeden Donnerstag um 13.00 Uhr versammeln sich begeisterte Schachspieler und Schachspieler<span style=\"text-align: var(--text-align); background-color: var(--ast-global-color-5); color: var(--ast-global-color-3); font-size: 1rem;\">innen<\/span><span style=\"font-style: inherit; font-weight: inherit; text-align: var(--text-align); background-color: var(--ast-global-color-5); color: var(--ast-global-color-3);\">&nbsp;aus verschiedenen Klassenstufen, um unter der fachkundigen Anleitung unseres Trainers Wolfgang Kr\u00fcger ihr K\u00f6nnen zu verbessern.<\/span><\/p>\n<p style=\"text-align: left;\"><span style=\"font-style: inherit; font-weight: inherit; text-align: var(--text-align); background-color: var(--ast-global-color-5); color: var(--ast-global-color-3);\">&nbsp;<\/span><\/p>\n<p style=\"text-align: left;\">Die Schach AG bietet den Sch\u00fclern nicht nur die M\u00f6glichkeit, ihre strategischen F\u00e4higkeiten zu sch\u00e4rfen, sondern f\u00f6rdert auch wichtige soziale Kompetenzen wie Teamwork, Geduld und Konzentration.&nbsp;<\/p>\n<p style=\"text-align: left;\">\n<\/p><p style=\"text-align: left;\">Die ersten Wochen der Schach AG waren ein gro\u00dfer Erfolg, und wir sind begeistert von dem Enthusiasmus und dem Engagement der&nbsp;<span style=\"text-align: var(--text-align); background-color: var(--ast-global-color-5); color: var(--ast-global-color-3); font-size: 1rem;\">Sch\u00fcler<\/span><span style=\"font-style: inherit; font-weight: inherit; text-align: var(--text-align); background-color: var(--ast-global-color-5); color: var(--ast-global-color-3);\">&nbsp;und&nbsp;<\/span><span style=\"font-size: 1rem; font-style: inherit; font-weight: inherit; text-align: var(--text-align); color: var(--ast-global-color-3); background-color: var(--ast-global-color-5);\">Sch\u00fclerinnen<\/span><span style=\"font-style: inherit; font-weight: inherit; text-align: var(--text-align); color: var(--ast-global-color-3); background-color: var(--ast-global-color-5);\">. Wir sehen bereits erste Fortschritte und freuen uns darauf, ihr Talent weiter zu f\u00f6rdern und sie auf ihrem Weg zu erfolgreichen Schachspielern zu begleiten.<\/span><\/p>\n<p style=\"text-align: left;\"><span style=\"font-style: inherit; font-weight: inherit; text-align: var(--text-align); color: var(--ast-global-color-3); background-color: var(--ast-global-color-5);\">&nbsp;<\/span><\/p>\n<p style=\"text-align: left;\">Als M\u00f6llner Schachverein von 1948 sind wir stolz darauf, unseren Beitrag zur Bildung und Entwicklung der Jugendlichen in unserer Gemeinde leisten zu k\u00f6nnen. Wir danken der Till-Eulenspiegel-Schule f\u00fcr die M\u00f6glichkeit, diese Chance zu nutzen, und wir sind zuversichtlich, dass unsere Kooperation langfristig Fr\u00fcchte tragen wird.<\/p>\n<p style=\"text-align: left;\">\n<\/p><p style=\"text-align: left;\">Wenn auch Sie oder Ihr Kind Interesse daran haben, an unserer Schach AG teilzunehmen, z\u00f6gern Sie nicht, sich bei uns zu melden. Schach ist ein faszinierendes Spiel, das Menschen jeden Alters begeistert, und wir hei\u00dfen alle herzlich willkommen, die Freude am k\u00f6niglichen Spiel entdecken m\u00f6chten!<\/p>\n<p style=\"text-align: left;\">\n<\/p>\t\t\t\t\t\t<\/div>\n\t\t\t\t<\/div>\n\t\t\t\t<div class=\"elementor-element elementor-element-85a7339 elementor-widget elementor-widget-spacer\" data-id=\"85a7339\" data-element_type=\"widget\" data-widget_type=\"spacer.default\">\n\t\t\t\t<div class=\"elementor-widget-container\">\n\t\t\t\t\t<div class=\"elementor-spacer\">\n\t\t\t<div class=\"elementor-spacer-inner\"><\/div>\n\t\t<\/div>\n\t\t\t\t<\/div>\n\t\t\t\t<\/div>\n\t\t\t\t\t<\/div>\n\t\t\t\t<\/div>\n\t\t<div class=\"elementor-element elementor-element-cc7fb22 e-flex e-con-boxed e-con e-parent\" data-id=\"cc7fb22\" data-element_type=\"container\" data-core-v316-plus=\"true\">\n\t\t\t\t\t<div class=\"e-con-inner\">\n\t\t<div class=\"elementor-element elementor-element-b4b767a e-con-full e-flex e-con e-child\" data-id=\"b4b767a\" data-element_type=\"container\">\n\t\t\t\t<\/div>\n\t\t<div class=\"elementor-element elementor-element-6285fc3 e-con-full e-flex e-con e-child\" data-id=\"6285fc3\" data-element_type=\"container\">\n\t\t\t\t<div class=\"elementor-element elementor-element-9a71738 elementor-widget elementor-widget-image\" data-id=\"9a71738\" data-element_type=\"widget\" data-widget_type=\"image.default\">\n\t\t\t\t<div class=\"elementor-widget-container\">\n\t\t\t<style>\/*! elementor - v3.20.0 - 20-03-2024 *\/\n.elementor-widget-image{text-align:center}.elementor-widget-image a{display:inline-block}.elementor-widget-image a img[src$=\".svg\"]{width:48px}.elementor-widget-image img{vertical-align:middle;display:inline-block}<\/style>\t\t\t\t\t\t\t\t\t\t<img fetchpriority=\"high\" decoding=\"async\" width=\"1024\" height=\"1024\" src=\"https:\/\/moellnerschachverein.de\/wp-content\/uploads\/2024\/03\/SchachAG.jpg\" class=\"attachment-large size-large wp-image-1958\" alt=\"\" srcset=\"https:\/\/moellnerschachverein.de\/wp-content\/uploads\/2024\/03\/SchachAG.jpg 1024w, https:\/\/moellnerschachverein.de\/wp-content\/uploads\/2024\/03\/SchachAG-300x300.jpg 300w, https:\/\/moellnerschachverein.de\/wp-content\/uploads\/2024\/03\/SchachAG-150x150.jpg 150w, https:\/\/moellnerschachverein.de\/wp-content\/uploads\/2024\/03\/SchachAG-768x768.jpg 768w\" sizes=\"(max-width: 1024px) 100vw, 1024px\" \/>\t\t\t\t\t\t\t\t\t\t\t\t\t<\/div>\n\t\t\t\t<\/div>\n\t\t\t\t<div class=\"elementor-element elementor-element-9302d55 elementor-widget elementor-widget-spacer\" data-id=\"9302d55\" data-element_type=\"widget\" data-widget_type=\"spacer.default\">\n\t\t\t\t<div class=\"elementor-widget-container\">\n\t\t\t\t\t<div class=\"elementor-spacer\">\n\t\t\t<div class=\"elementor-spacer-inner\"><\/div>\n\t\t<\/div>\n\t\t\t\t<\/div>\n\t\t\t\t<\/div>\n\t\t\t\t<\/div>\n\t\t<div class=\"elementor-element elementor-element-78bb555 e-con-full e-flex e-con e-child\" data-id=\"78bb555\" data-element_type=\"container\">\n\t\t\t\t<\/div>\n\t\t\t\t\t<\/div>\n\t\t\t\t<\/div>\n\t\t\t\t<\/div>\n\t\t","protected":false},"excerpt":{"rendered":"<p>Schach AG an der Till-Eulenspiegel-Schule Der M\u00f6llner Schachverein von 1948 freut sich, eine neue Partnerschaft bekannt zu geben: Seit dem 1. Februar 2024 arbeiten wir mit der Till-Eulenspiegel-Schule zusammen, um eine Schach AG anzubieten. Diese Zusammenarbeit markiert einen wichtigen Meilenstein in unseren Bem\u00fchungen, das Schachspiel in unserer Gemeinde zu f\u00f6rdern und die n\u00e4chste Generation von &hellip;<\/p>\n<p class=\"read-more\"> <a class=\"\" href=\"https:\/\/moellnerschachverein.de\/?page_id=1629\"> <span class=\"screen-reader-text\">SchachAG<\/span> Weiterlesen &raquo;<\/a><\/p>\n","protected":false},"author":1,"featured_media":1909,"parent":0,"menu_order":0,"comment_status":"closed","ping_status":"closed","template":"","meta":{"_monsterinsights_skip_tracking":false,"_monsterinsights_sitenote_active":false,"_monsterinsights_sitenote_note":"","_monsterinsights_sitenote_category":0,"site-sidebar-layout":"no-sidebar","site-content-layout":"page-builder","ast-site-content-layout":"full-width-container","site-content-style":"default","site-sidebar-style":"default","ast-global-header-display":"","ast-banner-title-visibility":"","ast-main-header-display":"","ast-hfb-above-header-display":"","ast-hfb-below-header-display":"","ast-hfb-mobile-header-display":"","site-post-title":"disabled","ast-breadcrumbs-content":"","ast-featured-img":"disabled","footer-sml-layout":"","theme-transparent-header-meta":"","adv-header-id-meta":"","stick-header-meta":"","header-above-stick-meta":"","header-main-stick-meta":"","header-below-stick-meta":"","astra-migrate-meta-layouts":"set","footnotes":""},"aioseo_notices":[],"_links":{"self":[{"href":"https:\/\/moellnerschachverein.de\/index.php?rest_route=\/wp\/v2\/pages\/1629"}],"collection":[{"href":"https:\/\/moellnerschachverein.de\/index.php?rest_route=\/wp\/v2\/pages"}],"about":[{"href":"https:\/\/moellnerschachverein.de\/index.php?rest_route=\/wp\/v2\/types\/page"}],"author":[{"embeddable":true,"href":"https:\/\/moellnerschachverein.de\/index.php?rest_route=\/wp\/v2\/users\/1"}],"replies":[{"embeddable":true,"href":"https:\/\/moellnerschachverein.de\/index.php?rest_route=%2Fwp%2Fv2%2Fcomments&post=1629"}],"version-history":[{"count":10,"href":"https:\/\/moellnerschachverein.de\/index.php?rest_route=\/wp\/v2\/pages\/1629\/revisions"}],"predecessor-version":[{"id":1979,"href":"https:\/\/moellnerschachverein.de\/index.php?rest_route=\/wp\/v2\/pages\/1629\/revisions\/1979"}],"wp:featuredmedia":[{"embeddable":true,"href":"https:\/\/moellnerschachverein.de\/index.php?rest_route=\/wp\/v2\/media\/1909"}],"wp:attachment":[{"href":"https:\/\/moellnerschachverein.de\/index.php?rest_route=%2Fwp%2Fv2%2Fmedia&parent=1629"}],"curies":[{"name":"wp","href":"https:\/\/api.w.org\/{rel}","templated":true}]}}