{"id":1470,"date":"2023-10-17T09:18:45","date_gmt":"2023-10-17T07:18:45","guid":{"rendered":"https:\/\/moellnerschachverein.de\/?page_id=1470"},"modified":"2024-03-21T15:44:08","modified_gmt":"2024-03-21T14:44:08","slug":"bankverbindung","status":"publish","type":"page","link":"https:\/\/moellnerschachverein.de\/?page_id=1470","title":{"rendered":"Bankverbindung"},"content":{"rendered":"\t\t<div data-elementor-type=\"wp-page\" data-elementor-id=\"1470\" class=\"elementor elementor-1470\">\n\t\t\t\t<div class=\"elementor-element elementor-element-59337e9 e-flex e-con-boxed e-con e-parent\" data-id=\"59337e9\" data-element_type=\"container\" data-core-v316-plus=\"true\">\n\t\t\t\t\t<div class=\"e-con-inner\">\n\t\t\t\t<div class=\"elementor-element elementor-element-cfaff73 elementor-widget elementor-widget-spacer\" data-id=\"cfaff73\" data-element_type=\"widget\" data-widget_type=\"spacer.default\">\n\t\t\t\t<div class=\"elementor-widget-container\">\n\t\t\t<style>\/*! elementor - v3.20.0 - 20-03-2024 *\/\n.elementor-column .elementor-spacer-inner{height:var(--spacer-size)}.e-con{--container-widget-width:100%}.e-con-inner>.elementor-widget-spacer,.e-con>.elementor-widget-spacer{width:var(--container-widget-width,var(--spacer-size));--align-self:var(--container-widget-align-self,initial);--flex-shrink:0}.e-con-inner>.elementor-widget-spacer>.elementor-widget-container,.e-con>.elementor-widget-spacer>.elementor-widget-container{height:100%;width:100%}.e-con-inner>.elementor-widget-spacer>.elementor-widget-container>.elementor-spacer,.e-con>.elementor-widget-spacer>.elementor-widget-container>.elementor-spacer{height:100%}.e-con-inner>.elementor-widget-spacer>.elementor-widget-container>.elementor-spacer>.elementor-spacer-inner,.e-con>.elementor-widget-spacer>.elementor-widget-container>.elementor-spacer>.elementor-spacer-inner{height:var(--container-widget-height,var(--spacer-size))}.e-con-inner>.elementor-widget-spacer.elementor-widget-empty,.e-con>.elementor-widget-spacer.elementor-widget-empty{position:relative;min-height:22px;min-width:22px}.e-con-inner>.elementor-widget-spacer.elementor-widget-empty .elementor-widget-empty-icon,.e-con>.elementor-widget-spacer.elementor-widget-empty .elementor-widget-empty-icon{position:absolute;top:0;bottom:0;left:0;right:0;margin:auto;padding:0;width:22px;height:22px}<\/style>\t\t<div class=\"elementor-spacer\">\n\t\t\t<div class=\"elementor-spacer-inner\"><\/div>\n\t\t<\/div>\n\t\t\t\t<\/div>\n\t\t\t\t<\/div>\n\t\t\t\t<div class=\"elementor-element elementor-element-45b71ba elementor-widget elementor-widget-heading\" data-id=\"45b71ba\" data-element_type=\"widget\" data-widget_type=\"heading.default\">\n\t\t\t\t<div class=\"elementor-widget-container\">\n\t\t\t<style>\/*! elementor - v3.20.0 - 20-03-2024 *\/\n.elementor-heading-title{padding:0;margin:0;line-height:1}.elementor-widget-heading .elementor-heading-title[class*=elementor-size-]>a{color:inherit;font-size:inherit;line-height:inherit}.elementor-widget-heading .elementor-heading-title.elementor-size-small{font-size:15px}.elementor-widget-heading .elementor-heading-title.elementor-size-medium{font-size:19px}.elementor-widget-heading .elementor-heading-title.elementor-size-large{font-size:29px}.elementor-widget-heading .elementor-heading-title.elementor-size-xl{font-size:39px}.elementor-widget-heading .elementor-heading-title.elementor-size-xxl{font-size:59px}<\/style><h1 class=\"elementor-heading-title elementor-size-default\">Bankverbindung<\/h1>\t\t<\/div>\n\t\t\t\t<\/div>\n\t\t\t\t<div class=\"elementor-element elementor-element-f71a63a elementor-widget elementor-widget-text-editor\" data-id=\"f71a63a\" data-element_type=\"widget\" data-widget_type=\"text-editor.default\">\n\t\t\t\t<div class=\"elementor-widget-container\">\n\t\t\t<style>\/*! elementor - v3.20.0 - 20-03-2024 *\/\n.elementor-widget-text-editor.elementor-drop-cap-view-stacked .elementor-drop-cap{background-color:#69727d;color:#fff}.elementor-widget-text-editor.elementor-drop-cap-view-framed .elementor-drop-cap{color:#69727d;border:3px solid;background-color:transparent}.elementor-widget-text-editor:not(.elementor-drop-cap-view-default) .elementor-drop-cap{margin-top:8px}.elementor-widget-text-editor:not(.elementor-drop-cap-view-default) .elementor-drop-cap-letter{width:1em;height:1em}.elementor-widget-text-editor .elementor-drop-cap{float:left;text-align:center;line-height:1;font-size:50px}.elementor-widget-text-editor .elementor-drop-cap-letter{display:inline-block}<\/style>\t\t\t\t<section id=\"g-navigation\"><div class=\"g-container\"><div class=\"g-grid\"><div class=\"g-block size-100 align-left\"><h5 id=\"custom-4952-particle\" class=\"g-content g-particle\" style=\"text-align: center;\">\u00a0<\/h5><\/div><\/div><\/div><\/section><div class=\"g-container\"><header id=\"g-header\"><div class=\"g-grid\"><div class=\"g-block size-90\"><div class=\"g-content\"><div class=\"platform-content container\"><div class=\"row\"><div class=\"col\"><div class=\"com-content-article item-page\"><div class=\"com-content-article__body\"><h5 style=\"text-align: center;\">F\u00fcr alle Mitglieder, die ihren Beitrag \u00fcberweisen und f\u00fcr gro\u00dfz\u00fcgige Spender und Spenderinnen ist hier unsere Bankverbindung:<\/h5><h5>\u00a0<\/h5><h5 style=\"text-align: center;\">M\u00f6llner Schachverein von 1948 e. V.<\/h5><h5 style=\"text-align: center;\">Sparkasse Herzogtum Lauenburg<\/h5><h5 style=\"text-align: center;\">IBAN: DE59 2305 2750 0081 9460 97<\/h5><h5 style=\"text-align: center;\">BIC: NOLADE21RZB<\/h5><h5>\u00a0<\/h5><h5>\u00a0<\/h5><h5 style=\"text-align: center;\">Alle Spender und Spenderinnen werden auf unserem <span style=\"text-decoration: underline;\"><span style=\"color: #002688; text-decoration: underline;\"><a style=\"color: #002688; text-decoration: underline;\" title=\"Spendenbrett\" href=\"https:\/\/moellnerschachverein.de\/?page_id=1549\">Spendenbrett<\/a><\/span><\/span> verewigt!\u00a0<\/h5><h5 style=\"text-align: center;\">F\u00fcr alle Spenden wird selbstverst\u00e4ndlich eine steuerabzugsf\u00e4hige Quittung ausgestellt.<\/h5><h5>\u00a0<\/h5><\/div><\/div><\/div><\/div><\/div><\/div><\/div><\/div><\/header><\/div>\t\t\t\t\t\t<\/div>\n\t\t\t\t<\/div>\n\t\t\t\t\t<\/div>\n\t\t\t\t<\/div>\n\t\t\t\t<\/div>\n\t\t","protected":false},"excerpt":{"rendered":"<p>Bankverbindung F\u00fcr alle Mitglieder, die ihren Beitrag \u00fcberweisen und f\u00fcr gro\u00dfz\u00fcgige Spender und Spenderinnen ist hier unsere Bankverbindung: M\u00f6llner Schachverein von 1948 e. V. Sparkasse Herzogtum Lauenburg IBAN: DE59 2305 2750 0081 9460 97 BIC: NOLADE21RZB Alle Spender und Spenderinnen werden auf unserem Spendenbrett verewigt! F\u00fcr alle Spenden wird selbstverst\u00e4ndlich eine steuerabzugsf\u00e4hige Quittung ausgestellt.<\/p>\n","protected":false},"author":1,"featured_media":0,"parent":0,"menu_order":0,"comment_status":"closed","ping_status":"closed","template":"","meta":{"_monsterinsights_skip_tracking":false,"_monsterinsights_sitenote_active":false,"_monsterinsights_sitenote_note":"","_monsterinsights_sitenote_category":0,"site-sidebar-layout":"no-sidebar","site-content-layout":"page-builder","ast-site-content-layout":"full-width-container","site-content-style":"default","site-sidebar-style":"default","ast-global-header-display":"","ast-banner-title-visibility":"","ast-main-header-display":"","ast-hfb-above-header-display":"","ast-hfb-below-header-display":"","ast-hfb-mobile-header-display":"","site-post-title":"disabled","ast-breadcrumbs-content":"","ast-featured-img":"disabled","footer-sml-layout":"","theme-transparent-header-meta":"","adv-header-id-meta":"","stick-header-meta":"","header-above-stick-meta":"","header-main-stick-meta":"","header-below-stick-meta":"","astra-migrate-meta-layouts":"set","footnotes":""},"aioseo_notices":[],"_links":{"self":[{"href":"https:\/\/moellnerschachverein.de\/index.php?rest_route=\/wp\/v2\/pages\/1470"}],"collection":[{"href":"https:\/\/moellnerschachverein.de\/index.php?rest_route=\/wp\/v2\/pages"}],"about":[{"href":"https:\/\/moellnerschachverein.de\/index.php?rest_route=\/wp\/v2\/types\/page"}],"author":[{"embeddable":true,"href":"https:\/\/moellnerschachverein.de\/index.php?rest_route=\/wp\/v2\/users\/1"}],"replies":[{"embeddable":true,"href":"https:\/\/moellnerschachverein.de\/index.php?rest_route=%2Fwp%2Fv2%2Fcomments&post=1470"}],"version-history":[{"count":23,"href":"https:\/\/moellnerschachverein.de\/index.php?rest_route=\/wp\/v2\/pages\/1470\/revisions"}],"predecessor-version":[{"id":1952,"href":"https:\/\/moellnerschachverein.de\/index.php?rest_route=\/wp\/v2\/pages\/1470\/revisions\/1952"}],"wp:attachment":[{"href":"https:\/\/moellnerschachverein.de\/index.php?rest_route=%2Fwp%2Fv2%2Fmedia&parent=1470"}],"curies":[{"name":"wp","href":"https:\/\/api.w.org\/{rel}","templated":true}]}}