{"id":1366,"date":"2023-10-16T18:04:07","date_gmt":"2023-10-16T16:04:07","guid":{"rendered":"https:\/\/moellnerschachverein.de\/?page_id=1366"},"modified":"2024-03-21T15:51:44","modified_gmt":"2024-03-21T14:51:44","slug":"satz","status":"publish","type":"page","link":"https:\/\/moellnerschachverein.de\/?page_id=1366","title":{"rendered":"Satzung"},"content":{"rendered":"\t\t<div data-elementor-type=\"wp-page\" data-elementor-id=\"1366\" class=\"elementor elementor-1366\">\n\t\t\t\t<div class=\"elementor-element elementor-element-01a5233 e-flex e-con-boxed e-con e-parent\" data-id=\"01a5233\" data-element_type=\"container\" data-core-v316-plus=\"true\">\n\t\t\t\t\t<div class=\"e-con-inner\">\n\t\t\t\t<div class=\"elementor-element elementor-element-cd9c80b elementor-widget elementor-widget-spacer\" data-id=\"cd9c80b\" data-element_type=\"widget\" data-widget_type=\"spacer.default\">\n\t\t\t\t<div class=\"elementor-widget-container\">\n\t\t\t<style>\/*! elementor - v3.20.0 - 20-03-2024 *\/\n.elementor-column .elementor-spacer-inner{height:var(--spacer-size)}.e-con{--container-widget-width:100%}.e-con-inner>.elementor-widget-spacer,.e-con>.elementor-widget-spacer{width:var(--container-widget-width,var(--spacer-size));--align-self:var(--container-widget-align-self,initial);--flex-shrink:0}.e-con-inner>.elementor-widget-spacer>.elementor-widget-container,.e-con>.elementor-widget-spacer>.elementor-widget-container{height:100%;width:100%}.e-con-inner>.elementor-widget-spacer>.elementor-widget-container>.elementor-spacer,.e-con>.elementor-widget-spacer>.elementor-widget-container>.elementor-spacer{height:100%}.e-con-inner>.elementor-widget-spacer>.elementor-widget-container>.elementor-spacer>.elementor-spacer-inner,.e-con>.elementor-widget-spacer>.elementor-widget-container>.elementor-spacer>.elementor-spacer-inner{height:var(--container-widget-height,var(--spacer-size))}.e-con-inner>.elementor-widget-spacer.elementor-widget-empty,.e-con>.elementor-widget-spacer.elementor-widget-empty{position:relative;min-height:22px;min-width:22px}.e-con-inner>.elementor-widget-spacer.elementor-widget-empty .elementor-widget-empty-icon,.e-con>.elementor-widget-spacer.elementor-widget-empty .elementor-widget-empty-icon{position:absolute;top:0;bottom:0;left:0;right:0;margin:auto;padding:0;width:22px;height:22px}<\/style>\t\t<div class=\"elementor-spacer\">\n\t\t\t<div class=\"elementor-spacer-inner\"><\/div>\n\t\t<\/div>\n\t\t\t\t<\/div>\n\t\t\t\t<\/div>\n\t\t\t\t<div class=\"elementor-element elementor-element-502a9b8 elementor-widget elementor-widget-text-editor\" data-id=\"502a9b8\" data-element_type=\"widget\" data-widget_type=\"text-editor.default\">\n\t\t\t\t<div class=\"elementor-widget-container\">\n\t\t\t<style>\/*! elementor - v3.20.0 - 20-03-2024 *\/\n.elementor-widget-text-editor.elementor-drop-cap-view-stacked .elementor-drop-cap{background-color:#69727d;color:#fff}.elementor-widget-text-editor.elementor-drop-cap-view-framed .elementor-drop-cap{color:#69727d;border:3px solid;background-color:transparent}.elementor-widget-text-editor:not(.elementor-drop-cap-view-default) .elementor-drop-cap{margin-top:8px}.elementor-widget-text-editor:not(.elementor-drop-cap-view-default) .elementor-drop-cap-letter{width:1em;height:1em}.elementor-widget-text-editor .elementor-drop-cap{float:left;text-align:center;line-height:1;font-size:50px}.elementor-widget-text-editor .elementor-drop-cap-letter{display:inline-block}<\/style>\t\t\t\t<h1 style=\"text-align: center;\">Satzung des<\/h1>\n<h1 style=\"text-align: center;\">M\u00f6llner Schachvereins<\/h1>\n<h1 style=\"text-align: center;\">von 1948<\/h1>\n<h2 style=\"text-align: center;\">vom 23.08.2023<\/h2>\n<h4>\u00a7 1 Name und Sitz<\/h4>\n<p>Der Verein f\u00fchrt den Namen \u201eM\u00f6llner Schachverein von 1948&#8243; und hat seinen Sitz in M\u00f6lln.<\/p>\n<p>Es handelt sich um die Neugr\u00fcndung des seinerzeit bereits bestehenden und in 1998 erloschenen Vereins M\u00f6llner Schachverein von 1948.<\/p><p><br><\/p>\n<h4>\u00a7 2 Zweck und Ziel<\/h4>\n<p>Der Verein ist eine Gemeinschaft zur Pflege und F\u00f6rderung des Schachspiels als Mittel zur geistigen und sittlichen Erziehung. Es werden ausschlie\u00dflich und unmittelbar gemeinn\u00fctzige Zwecke verfolgt.<\/p>\n<p>Der Verein soll in das zust\u00e4ndige Vereinsregister eingetragen werden.<\/p><p><br><\/p>\n<h4>\u00a7 3 Mitglieder<\/h4>\n<p>Mitglied kann jede nat\u00fcrliche Person werden. Jugendliche unter 18 Jahren bed\u00fcrfen der schriftlichen Zustimmungserkl\u00e4rung ihrer Erziehungsberechtigten. Die Mitgliedschaft darf nicht von konfessionellen, weltanschaulichen oder politischen Gesichtspunkten abh\u00e4ngig gemacht werden. Neuanmeldungen m\u00fcssen dem Vorstand zugeleitet werden, der \u00fcber die Aufnahme entscheidet. Eine Ablehnung braucht nicht begr\u00fcndet werden. Mit der<\/p>\n<p>Beitrittserkl\u00e4rung wird die Verbindlichkeit der Satzung und der Vereinsordnung anerkannt.<\/p><p><br><\/p>\n<h4>\u00a7 4 Erl\u00f6schen der Mitgliedschaft<\/h4>\n<p>Die Mitgliedschaft endet durch:<\/p>\n<p>&nbsp; &nbsp; &nbsp; &nbsp; &nbsp; &nbsp; a) Austrittserkl\u00e4rung<\/p>\n<p>&nbsp; &nbsp; &nbsp; &nbsp; &nbsp; &nbsp; b) Ausschluss<\/p>\n<p>Der Austritt aus dem Verein hat unter Einhaltung einer K\u00fcndigungsfrist von 6 Wochen zum Ende eines jeden Kalendervierteljahres zu erfolgen. Beim Wohnungswechsel in eine andere Stadt kann das Mitglied sofort ausscheiden.<\/p>\n<p>Der Ausschluss aus dem Verein kann durch den Vorstand geschehen, wenn ein wichtiger Grund vorliegt, insbesondere wenn das Mitglied sich gegen die Satzung oder sie sonstigen Ordnungen des Vereins vergeht, das Ansehen des Vereins sch\u00e4digt oder den Beitrag nicht ordnungsgem\u00e4\u00df bezahlt.<\/p>\n<p>Dem Ausgeschlossenen steht mit einer Frist von acht Tagen die Berufung an den \u00c4ltestenrat frei, der innerhalb von 3 Tagen in einer Sondersitzung unter Anh\u00f6rung des Ausgeschlossenen endg\u00fcltig zu entscheiden hat. Ein Rechtsweg f\u00fcr den Ausschluss ist nicht zul\u00e4ssig. Die Mitglieder haben bei ihrem Ausscheiden oder bei Aufl\u00f6sung oder Aufhebung des Vereins keinen Anspruch auf das Vereinseigentum.<\/p><p><br><\/p>\n<h4>\u00a7 5 Beitr\u00e4ge<\/h4>\n<p>Die H\u00f6he der Beitr\u00e4ge wird von der Jahreshauptversammlung festgesetzt. Der Mitgliederbeitrag ist viertelj\u00e4hrig im Voraus zu entrichten. Nicht fristgem\u00e4\u00df gezahlte Beitr\u00e4ge werden unter Zuschlag der Hebekosten von 10 % eingezogen. In dem Mitgliedsbeitrag sind die jeweiligen Abgaben an die \u00fcbergeordneten Verb\u00e4nde und die Kosten der Unfallversicherung enthalten. Der Vorstand kann auf Antrag den Mitgliederbeitrag bis zu einem Jahr stunden, erm\u00e4\u00dfigen oder erlassen, f\u00fcr ausw\u00e4rtige Mitglieder den Beitrag erm\u00e4\u00dfigen.<\/p><p><br><\/p>\n<h4>\u00a7 6 Verm\u00f6gen<\/h4>\n<p>Mittel des Vereins d\u00fcrfen nur f\u00fcr die satzungsm\u00e4\u00dfigen Zwecke verwendet werden. Die Mitglieder erhalten keine Gewinnanteile und in ihrer Eigenschaft als Mitglieder auch keine sonstigen Zuwendungen aus Mitteln des Vereins. Es darf keine Person durch Ausgaben, die dem Zweck des Vereins fremd sind, oder durch unverh\u00e4ltnism\u00e4\u00dfig hohe Verg\u00fctungen beg\u00fcnstigt werden.<\/p><p><br><\/p>\n<h4>\u00a7 7 Organe des Vereins<\/h4>\n<p>Die Organe des Vereins sind:<\/p>\n<ol>\n<li style=\"list-style-type: none;\">\n<ol>\n<li>Die Mitgliederversammlung<\/li>\n<li>Der Vorstand<\/li>\n<li>Der \u00c4ltestenrat<\/li>\n<\/ol>\n<\/li>\n<\/ol>\n<p>Alle \u00c4mter werden ehrenamtlich ausge\u00fcbt.<\/p><p><br><\/p>\n<h4>\u00a7 8 Mitglieder-\/Hauptversammlung<\/h4>\n<p>Die Mitgliederversammlungen werden grunds\u00e4tzlich durch den Vorstand einberufen.<\/p>\n<p>Allj\u00e4hrlich, am 1. Dienstag im M\u00e4rz, findet die Jahreshauptversammlung statt.<\/p>\n<p>Au\u00dferordentliche Mitgliederversammlungen werden einberufen<\/p>\n<ol>\n<li style=\"list-style-type: none;\">\n<ol>\n<li>so oft es dem Vorstand erforderlich erscheint.<\/li>\n<li>auf schriftlichen Antrag des \u00c4ltestenrates.<\/li>\n<li>wenn es mindestens 10 Mitglieder schriftlich unter Stellung von Antr\u00e4gen verlangen, innerhalb von 3 Wochen.<\/li>\n<\/ol>\n<\/li>\n<\/ol>\n<p>Zu den Mitgliederversammlungen werden die Mitglieder schriftlich jeweils eine Woche vorher unter Mitteilung der Tagesordnung eingeladen.<\/p><p><br><\/p>\n<h4>\u00a7 9 Stimmrecht<\/h4>\n<p>In der Mitgliederversammlungen sind alle Mitglieder stimmberechtigt, die am Versammlungstage mindestens 3 Monate dem Verein angeh\u00f6ren und das sechzehnte Lebensjahr vollendet haben.<\/p><p><br><\/p>\n<h4>\u00a7 10 Aufgaben der Hauptversammlung<\/h4>\n<p>Die Hauptversammlung w\u00e4hlt auf 2 Jahre:<\/p>\n<ol>\n<li style=\"list-style-type: none;\">\n<ol>\n<li>Den gesch\u00e4ftsf\u00fchrenden Vorstand<\/li>\n<li>Den Kassenpr\u00fcfer<\/li>\n<li>Den \u00c4ltestenrat<\/li>\n<\/ol>\n<\/li>\n<\/ol>\n<p>Der gesch\u00e4ftsf\u00fchrende Vorstand und der \u00c4ltestenrat werden auf 2 Jahre gew\u00e4hlt, und zwar in den ungeraden Jahren der 1. Vorsitzende, ein Kassenpr\u00fcfer und der \u00c4ltestenrat.<\/p>\n<p>In den Jahren mit gerader Zahl der 2. Vorsitzende, der Jugendwart und ein Kassenpr\u00fcfen Die Berufung des Jugendwartes erfolgt nach seiner Wahl durch die Jugendlichen.<\/p>\n<p>Die ausscheidenden Mitglieder sind wieder w\u00e4hlbar.<\/p>\n<p>Die Jahreshauptversammlung hat die Jahresberichte und die Rechnungslegung entgegenzunehmen, zu genehmigen und Entlastung zu erteilen, die H\u00f6he der Mitgliederbeitr\u00e4ge festzusetzen, sowie Satzungs\u00e4nderungen und andere wichtige Antr\u00e4ge zu beraten und zu beschlie\u00dfen.<\/p>\n<p>Uber jede Mitgliederversammlung fertigt der Schriftwart eine Niederschrift, die von Ihm zu unterschreiben und nach Genehmigung durch die n\u00e4chste Versammlung vom 1. Vorsitzenden gegenzuzeichnen ist.<\/p><p><br><\/p>\n<h4>\u00a7 11 Vorstand<\/h4>\n<p>Den Vorstand bilden:<\/p>\n<ol>\n<li style=\"list-style-type: none;\">\n<ol>\n<li>Erster Vorsitzender<\/li>\n<li>Zweiter Vorsitzender<\/li>\n<li>Schriftwart<\/li>\n<li>Kassenwart<\/li>\n<li>Jugendwart<\/li>\n<\/ol>\n<\/li>\n<\/ol>\n<p>Der Vorstand im Sinne des \u00a7 26 BGB besteht aus dem 1. Vorsitzenden und dem 2. Vorsitzenden. Der Verein wird gerichtlich und au\u00dfergerichtlich durch beide Vorstandsmitglieder gemeinsam vertreten. Sie bilden den gesch\u00e4ftsf\u00fchrenden Vorstand.<\/p><p><br><\/p>\n<h4>\u00a7 12 Der \u00c4ltestenrat<\/h4>\n<p>Der \u00c4ltestenrat hat die Aufgabe, pers\u00f6nliche Streitigkeiten zu schlichten und bei Beschwerden von Mitgliedern zu vermitteln. Er besteht aus 3 Mitgliedern und wird von der Hauptversammlung gew\u00e4hlt. Seine Mitglieder m\u00fcssen dem Verein mindestens 5 Jahre ununterbrochen angeh\u00f6rt und das 40. Lebensjahr vollendet haben. Sie d\u00fcrfen nicht Mitglieder des Vorstandes sein. Seinen Vorsitzenden w\u00e4hlt der \u00c4ltestenrat selbst.<\/p><p><br><\/p>\n<h4>\u00a7 13 Satzungs\u00e4nderungen und Aufl\u00f6sung<\/h4>\n<p>Antr\u00e4ge auf Satzungs\u00e4nderungen sowie Antr\u00e4ge auf Namens\u00e4nderung, Fusion oder Aufl\u00f6sung des Vereines m\u00fcssen auf der Tagesordnung stehen und bed\u00fcrfen einer 2\/3 Stimmeinheit der anwesenden Mitglieder.<\/p>\n<p>Das bei einer Aufl\u00f6sung vorhandene Vereinsverm\u00f6gen darf nach Deckung aller Verbindlichkeiten nur der Stadt M\u00f6lln f\u00fcr Zwecke der Schachspielpflege zur Verf\u00fcgung gestellt werden.<\/p><p><br><\/p>\n<h4>\u00a7 14 Inkrafttreten<\/h4>\n<p>Diese Satzung tritt mit der Eintragung in das Vereinsregister in Kraft.<\/p>\n<p>In meiner Eigenschaft als Notar bescheinige ich hiermit, dass die ge\u00e4nderten Bestimmungen der Satzung mit dem Beschluss \u00fcber die \u00c4nderung der Satzung und die unver\u00e4nderten Bestimmungen mit dem zuletzt zum Vereinsregister eingereichten vollst\u00e4ndigen Wortlaut der<\/p>\n<p>Satzung \u00fcbereinstimmt (\u00a7 71 Abs. 1 Satz 4 BGB).<\/p><p><br><\/p>\n<p><\/p>\n<h4 style=\"text-align: center;\"><span style=\"color: #002688;\"><a style=\"color: #002688;\" title=\"Satzung_MoellnerSchachvereinvon1948\" href=\"http:\/\/moellnerschachverein.de\/wp-content\/uploads\/2023\/10\/MoellnerSchachvereinSatzung_23_08_2023-1.pdf\">Hier herunterladen!<\/a><\/span><\/h4>\t\t\t\t\t\t<\/div>\n\t\t\t\t<\/div>\n\t\t\t\t<div class=\"elementor-element elementor-element-4d8f741 elementor-widget elementor-widget-spacer\" data-id=\"4d8f741\" data-element_type=\"widget\" data-widget_type=\"spacer.default\">\n\t\t\t\t<div class=\"elementor-widget-container\">\n\t\t\t\t\t<div class=\"elementor-spacer\">\n\t\t\t<div class=\"elementor-spacer-inner\"><\/div>\n\t\t<\/div>\n\t\t\t\t<\/div>\n\t\t\t\t<\/div>\n\t\t\t\t\t<\/div>\n\t\t\t\t<\/div>\n\t\t\t\t<\/div>\n\t\t","protected":false},"excerpt":{"rendered":"<p>Satzung des M\u00f6llner Schachvereins von 1948 vom 23.08.2023 \u00a7 1 Name und Sitz Der Verein f\u00fchrt den Namen \u201eM\u00f6llner Schachverein von 1948&#8243; und hat seinen Sitz in M\u00f6lln. Es handelt sich um die Neugr\u00fcndung des seinerzeit bereits bestehenden und in 1998 erloschenen Vereins M\u00f6llner Schachverein von 1948. \u00a7 2 Zweck und Ziel Der Verein ist &hellip;<\/p>\n<p class=\"read-more\"> <a class=\"\" href=\"https:\/\/moellnerschachverein.de\/?page_id=1366\"> <span class=\"screen-reader-text\">Satzung<\/span> Weiterlesen &raquo;<\/a><\/p>\n","protected":false},"author":1,"featured_media":0,"parent":0,"menu_order":0,"comment_status":"closed","ping_status":"closed","template":"","meta":{"_monsterinsights_skip_tracking":false,"_monsterinsights_sitenote_active":false,"_monsterinsights_sitenote_note":"","_monsterinsights_sitenote_category":0,"site-sidebar-layout":"no-sidebar","site-content-layout":"page-builder","ast-site-content-layout":"full-width-container","site-content-style":"unboxed","site-sidebar-style":"unboxed","ast-global-header-display":"","ast-banner-title-visibility":"","ast-main-header-display":"","ast-hfb-above-header-display":"","ast-hfb-below-header-display":"","ast-hfb-mobile-header-display":"","site-post-title":"disabled","ast-breadcrumbs-content":"","ast-featured-img":"disabled","footer-sml-layout":"","theme-transparent-header-meta":"","adv-header-id-meta":"","stick-header-meta":"","header-above-stick-meta":"","header-main-stick-meta":"","header-below-stick-meta":"","astra-migrate-meta-layouts":"set","footnotes":""},"aioseo_notices":[],"_links":{"self":[{"href":"https:\/\/moellnerschachverein.de\/index.php?rest_route=\/wp\/v2\/pages\/1366"}],"collection":[{"href":"https:\/\/moellnerschachverein.de\/index.php?rest_route=\/wp\/v2\/pages"}],"about":[{"href":"https:\/\/moellnerschachverein.de\/index.php?rest_route=\/wp\/v2\/types\/page"}],"author":[{"embeddable":true,"href":"https:\/\/moellnerschachverein.de\/index.php?rest_route=\/wp\/v2\/users\/1"}],"replies":[{"embeddable":true,"href":"https:\/\/moellnerschachverein.de\/index.php?rest_route=%2Fwp%2Fv2%2Fcomments&post=1366"}],"version-history":[{"count":14,"href":"https:\/\/moellnerschachverein.de\/index.php?rest_route=\/wp\/v2\/pages\/1366\/revisions"}],"predecessor-version":[{"id":1954,"href":"https:\/\/moellnerschachverein.de\/index.php?rest_route=\/wp\/v2\/pages\/1366\/revisions\/1954"}],"wp:attachment":[{"href":"https:\/\/moellnerschachverein.de\/index.php?rest_route=%2Fwp%2Fv2%2Fmedia&parent=1366"}],"curies":[{"name":"wp","href":"https:\/\/api.w.org\/{rel}","templated":true}]}}